{"id":26,"date":"2013-02-16T21:44:38","date_gmt":"2013-02-16T20:44:38","guid":{"rendered":"http:\/\/scraposphere.com\/leblog\/?page_id=26"},"modified":"2021-09-25T06:42:06","modified_gmt":"2021-09-25T06:42:06","slug":"contact","status":"publish","type":"page","link":"https:\/\/scraposphere.com\/blog\/index.php\/contact\/","title":{"rendered":"Infos Utiles"},"content":{"rendered":"<p style=\"text-align: center;\"><strong>LA SCRAPOSPH\u00c8<\/strong><strong>RE<\/strong><br \/>\n33 Bis Chemin de la Beugnonne<\/p>\n<p style=\"text-align: center;\">71960 PRISSE<\/p>\n<p style=\"text-align: center;\">Boutique en ligne sp\u00e9cialis\u00e9e dans le tampon d&rsquo;art en caoutchouc fran\u00e7ais, depuis 2008<\/p>\n<p style=\"text-align: center;\">La boutique : <a href=\"http:\/\/www.scraposphere.com\/boutique\/\" target=\"_blank\" rel=\"noopener noreferrer\">https:\/\/www.scraposphere.com\/boutique\/<\/a><br \/>\nLe blog : <a href=\"http:\/\/scraposphere.com\/blog\/\" target=\"_blank\" rel=\"noopener noreferrer\">https:\/\/scraposphere.com\/blog\/<br \/>\n<\/a><br \/>\nLa page FB officielle de la Scraposph\u00e8re : <a href=\"https:\/\/www.facebook.com\/scraposphere\" target=\"_blank\" rel=\"noopener noreferrer\">https:\/\/www.facebook.com\/scraposphere<br \/>\n<\/a><\/p>\n<p style=\"text-align: center;\">Contact email : <span style=\"text-decoration: underline; color: #3366ff;\">contact(at)scraposphere.com<\/span><\/p>\n<p style=\"text-align: center;\">La Scraposph\u00e8re est enregistr\u00e9e \u00e0 la CNIL sous le num\u00e9ro <strong>1459609<\/strong><br \/>\net comme marque d\u00e9pos\u00e9e aupr\u00e8s de l&rsquo;INPI sous le num\u00e9ro <strong>005341<\/strong><\/p>\n<div id=\"_desktop_logo\" class=\"col-md-2 hidden-sm-down\"><\/div>\n","protected":false},"excerpt":{"rendered":"<p>LA SCRAPOSPH\u00c8RE 33 Bis Chemin de la Beugnonne 71960 PRISSE Boutique en ligne sp\u00e9cialis\u00e9e dans le tampon d&rsquo;art en caoutchouc fran\u00e7ais, depuis 2008 La boutique : https:\/\/www.scraposphere.com\/boutique\/ Le blog : https:\/\/scraposphere.com\/blog\/ La page FB officielle de la Scraposph\u00e8re : https:\/\/www.facebook.com\/scraposphere Contact email : contact(at)scraposphere.com La Scraposph\u00e8re est enregistr\u00e9e \u00e0 la CNIL sous le num\u00e9ro 1459609 [&hellip;]<\/p>\n","protected":false},"author":1,"featured_media":0,"parent":0,"menu_order":0,"comment_status":"open","ping_status":"closed","template":"","meta":{"footnotes":""},"class_list":["post-26","page","type-page","status-publish","hentry"],"_links":{"self":[{"href":"https:\/\/scraposphere.com\/blog\/index.php\/wp-json\/wp\/v2\/pages\/26","targetHints":{"allow":["GET"]}}],"collection":[{"href":"https:\/\/scraposphere.com\/blog\/index.php\/wp-json\/wp\/v2\/pages"}],"about":[{"href":"https:\/\/scraposphere.com\/blog\/index.php\/wp-json\/wp\/v2\/types\/page"}],"author":[{"embeddable":true,"href":"https:\/\/scraposphere.com\/blog\/index.php\/wp-json\/wp\/v2\/users\/1"}],"replies":[{"embeddable":true,"href":"https:\/\/scraposphere.com\/blog\/index.php\/wp-json\/wp\/v2\/comments?post=26"}],"version-history":[{"count":13,"href":"https:\/\/scraposphere.com\/blog\/index.php\/wp-json\/wp\/v2\/pages\/26\/revisions"}],"predecessor-version":[{"id":23122,"href":"https:\/\/scraposphere.com\/blog\/index.php\/wp-json\/wp\/v2\/pages\/26\/revisions\/23122"}],"wp:attachment":[{"href":"https:\/\/scraposphere.com\/blog\/index.php\/wp-json\/wp\/v2\/media?parent=26"}],"curies":[{"name":"wp","href":"https:\/\/api.w.org\/{rel}","templated":true}]}}